{"id":105,"date":"2019-02-05T22:33:20","date_gmt":"2019-02-05T21:33:20","guid":{"rendered":"http:\/\/jaspis.edu.pl\/niezapomniany\/?page_id=105"},"modified":"2021-10-08T10:33:07","modified_gmt":"2021-10-08T08:33:07","slug":"poronienie","status":"publish","type":"page","link":"https:\/\/jaspis.edu.pl\/niezapomniany\/?page_id=105","title":{"rendered":"Poronienie &#8211; co dalej?"},"content":{"rendered":"<p><strong>Je\u015bli chodzi o post\u0119powanie\u00a0 po\u00a0 poronieniu, to masz trzy mo\u017cliwo\u015bci. Niezale\u017cnie od tego, jak\u0105 decyzj\u0119 podejmiesz &#8211; poinformuj o tym personel szpitala.\u00a0<\/strong><\/p>\n<p><strong>UWAGA!<\/strong> Je\u015bli potrzebujesz dodatkowych wyja\u015bnie\u0144, lub masz w\u0105tpliwo\u015bci &#8211; <strong>zadzwo\u0144 do nas (tel. 573-444-200)<\/strong>. Je\u015bli od poronienia min\u0119\u0142o ju\u017c jednak troch\u0119 czasu, ale potrzebujesz z kim\u015b porozmawia\u0107 i otrzyma\u0107 wsparcie &#8211; r\u00f3wnie\u017c jeste\u015bmy do Twojej dyspozycji.\u00a0<\/p>\n<p>\u00a0<\/p>\n<p><span style=\"color: #ff0000;\"><strong>I MO\u017bLIWO\u015a\u0106:\u00a0<\/strong><\/span><br \/><strong>pozostawienie szcz\u0105tk\u00f3w dziecka w szpitalu<\/strong>. Wtedy poch\u00f3wek i godne potraktowanie szcz\u0105tk\u00f3w powinno spocz\u0105\u0107 na gminie. Bywaj\u0105 sytuacje, \u017ce niekt\u00f3re szpitale maj\u0105 podpisane umowy z zak\u0142adami badawczymi i po uzyskaniu zgody rodzica przekazuj\u0105 szcz\u0105tki dziecka do cel\u00f3w naukowych.\u00a0<\/p>\n<p>Zastan\u00f3w si\u0119 dobrze, czy nie b\u0119dziesz jednak potrzebowa\u0107 miejsca, dzi\u0119ki kt\u00f3remu b\u0119dziesz mie\u0107 mo\u017cliwo\u015b\u0107 piel\u0119gnowania pami\u0119ci o swoim Dziecku. Takie miejsce pomo\u017ce Ci w procesie prze\u017cywania smutku czy \u017ca\u0142oby. Niezale\u017cnie od tego pami\u0119taj, \u017ce ka\u017cda Twoja decyzja powinna by\u0107 uszanowana.\u00a0<\/p>\n<p>\u00a0<\/p>\n<p><span style=\"color: #ff0000;\"><strong>II MO\u017bLIWO\u015a\u0106<\/strong><\/span><br \/><strong>dokonanie poch\u00f3wku bez wcze\u015bniejszego okre\u015blania p\u0142ci i rejestracji w Urz\u0119dzie Stanu Cywilnego<\/strong>. W szpitalu odbiera si\u0119 wtedy<strong> kart\u0119 zgonu<\/strong>, kt\u00f3ra umo\u017cliwia pochowanie dziecka, jednak nie daje praw do odebrania zasi\u0142ku pogrzebowego ani urlopu macierzy\u0144skiego. Kart\u0119 zgonu szpital wydaje wtedy, kiedy p\u0142e\u0107 dziecka jest nieznana lub kiedy rodzice nie chc\u0105 rejestrowa\u0107 dziecka w USC i nie potrzebuj\u0105 kolejnych dokument\u00f3w.<\/p>\n<p class=\"nitro-offscreen\">Karta zgonu jest potrzebna do zorganizowania poch\u00f3wku. Mo\u017cna go dokona\u0107 zar\u00f3wno w grobie rodzinnym, jak i w bezimiennym <strong>Grobie Dziecka Utraconego na cmentarzu \u017cbikowskim, kt\u00f3rym opiekuje si\u0119 nasze stowarzyszenie,<\/strong> podlegaj\u0105cym pod parafi\u0119 Niepokalanego Pocz\u0119cia NMP w Pruszkowie-\u017bbikowie.<\/p>\n<p>\u00a0<\/p>\n<p><span style=\"color: #ff0000;\"><strong>III MO\u017bLIWO\u015a\u0106<\/strong><\/span><br \/><strong>dokonanie poch\u00f3wku z wykonaniem wcze\u015bniejszych bada\u0144 genetycznych okre\u015blaj\u0105cych p\u0142e\u0107<\/strong> w przypadku braku mo\u017cliwo\u015bci bezpo\u015bredniego okre\u015blenia p\u0142ci przez lekarza oraz <strong>rejestracj\u0105 w Urz\u0119dzie Stanu Cywilnego.\u00a0<\/strong><\/p>\n<p class=\"nitro-offscreen\">Nale\u017cy najpierw nale\u017cy poinformowa\u0107 personel szpitala o ch\u0119ci pochowania dziecka oraz wykonania bada\u0144 w kierunku okre\u015blenia p\u0142ci. Bez informacji o p\u0142ci niemo\u017cliwe b\u0119dzie bowiem odebranie <strong>karty martwego urodzenia<\/strong>. B\u0119dzie Ci ona potrzebna, aby dokona\u0107 poch\u00f3wku i za\u0142atwi\u0107 wszelkie formalno\u015bci z zarz\u0105dc\u0105 cmentarza.<\/p>\n<p class=\"nitro-offscreen\"><strong>Poch\u00f3wku mo\u017cesz dokona\u0107: <\/strong><\/p>\n<ul>\n<li class=\"nitro-offscreen\">w grobie rodzinnym,<\/li>\n<li>w grobie nowo utworzonym,<\/li>\n<li class=\"nitro-offscreen\">w imiennym Grobie Dziecka Utraconego na cmentarzu pruszkowskim podlegaj\u0105cym pod parafi\u0119 \u015bw. Kazimierza w Pruszkowie,<\/li>\n<li class=\"nitro-offscreen\">w bezimiennym Grobie Dziecka Utraconego na cmentarzu \u017cbikowskim w Pruszkowie, kt\u00f3rym opiekuje si\u0119 nasze stowarzyszenie, podlegaj\u0105cym pod parafi\u0119 Niepokalanego Pocz\u0119cia NMP w Pruszkowie-\u017bbikowie. W przypadku wybrania ostatniej opcji skontaktuj si\u0119 z nami w celu om\u00f3wienia spraw logistycznych.<\/li>\n<\/ul>\n<p>\u00a0<\/p>\n<p><strong>BADANIA GENETYCZNE\u00a0<\/strong><\/p>\n<p class=\"nitro-offscreen\"><strong>Aby zrobi\u0107\u00a0badania genetyczne dziecka po poronieniu, konieczne jest wypo\u017cyczenie pr\u00f3bek ze szpitala i przekazanie ich do laboratorium genetycznego oraz zlecenie bada\u0144. <\/strong>Testy DNA to najskuteczniejsza metoda, kt\u00f3ra pozwala zbada\u0107 niewidoczne go\u0142ym okiem choroby i wady genetyczne ludzi. Rodzice, kt\u00f3rzy utracili dziecko mog\u0105 wykona\u0107 wy\u0142\u0105cznie badanie p\u0142ci lub tak\u017ce dodatkowo badania genetyczne po poronieniu w kierunku wad genetycznych p\u0142odu, kt\u00f3re pomo\u017ce ustali\u0107 <a class=\"wpil_keyword_link\" title=\"przyczyn\u0119 poronienia\" role=\"link\" href=\"https:\/\/www.poronilam.pl\/poronienie\/przyczyny-poronienia\/\" data-wpil-keyword-link=\"linked\">przyczyn\u0119 poronienia<\/a>.<\/p>\n<p class=\"nitro-offscreen\"><strong>Aby wykona\u0107\u00a0badania po poronieniu, konieczna jest odpowiednia pr\u00f3bka tkanek z poronienia.<\/strong> Mo\u017ce to by\u0107 fragment kosm\u00f3wki, kawa\u0142ek p\u0119powiny lub przyp\u0119powinowe fragmenty \u0142o\u017cyska. Materia\u0142 do bada\u0144 genetycznych po poronieniu powinien zosta\u0107 nale\u017cycie zabezpieczony.<\/p>\n<p class=\"nitro-offscreen\"><strong>Je\u015bli do utraty ci\u0105\u017cy dosz\u0142o w domu, najlepiej jest zabezpieczy\u0107\u00a0 wszystkie tkanki,<\/strong> z kt\u00f3rych organizm si\u0119 oczyszcza. W\u0142a\u015bciwe post\u0119powanie po poronieniu to zabezpieczenie tkanek z poronienia w szczelnie zamkni\u0119tym pude\u0142ku (np. na mocz), w soli fizjologicznej.<\/p>\n<p class=\"nitro-offscreen\">Je\u015bli kobieta poroni\u0142a w szpitalu, warto poprosi\u0107 o pr\u00f3bk\u0119 tkanek z poronienia zabezpieczon\u0105 w soli fizjologicznej. Je\u015bli jednak jest na to ju\u017c za p\u00f3\u017ano, kobieta mo\u017ce poinformowa\u0107 personel o ch\u0119ci wypo\u017cyczenia bloczka parafinowego do bada\u0144 po poronieniu. Nast\u0119pnie tak\u0105 pr\u00f3bk\u0119 mo\u017cna wys\u0142a\u0107 kurierem do laboratorium genetycznego. <strong>Uwaga! Wspomniane badania nie s\u0105 refundowane!<\/strong><\/p>\n<p class=\"nitro-offscreen\">Je\u015bli p\u0142e\u0107 dziecka jest ju\u017c okre\u015blona, szpital wydaje kart\u0119 martwego urodzenia, kt\u00f3r\u0105 nast\u0119pnie przekazuje do <strong>Urz\u0119du Stanu Cywilnego<\/strong> w ci\u0105gu jednego dnia. Je\u015bli karta martwego urodzenia zostanie wydana rodzicom, musz\u0105 oni zanie\u015b\u0107 j\u0105 do USC w czasie trzech dni. Przekazanie tego dokumentu do urz\u0119du umo\u017cliwi rejestracj\u0119 dziecka i wydanie aktu urodzenia z adnotacj\u0105, \u017ce urodzi\u0142o si\u0119 martwe.<\/p>\n<p>\u00a0<\/p>\n<p><strong>\u015aWIADCZENIA PRZYS\u0141UGUJ\u0104CE PO STRACIE DZIECKA<\/strong><\/p>\n<p class=\"nitro-offscreen\"><strong>Post\u0119powanie po poronieniu obejmuje tak\u017ce skorzystanie z praw przys\u0142uguj\u0105cych ka\u017cdej parze, kt\u00f3ra utraci\u0142a dziecko.<\/strong> W dalszej kolejno\u015bci, po rejestracji W USC nale\u017cy zarejestrowa\u0107 dziecko i odebra\u0107 jego akt urodzenia z adnotacj\u0105 o martwym urodzeniu. Po zarejestrowaniu dziecka rodzice maj\u0105 prawo do odebrania stosownych \u015bwiadcze\u0144 z ZUS.<\/p>\n<p class=\"nitro-offscreen\">Chodzi tu g\u0142\u00f3wnie o\u00a0<strong>zasi\u0142ek pogrzebowy po poronieniu\u00a0(4000 z\u0142otych)<\/strong>, kt\u00f3ry odbiera si\u0119 po zorganizowanym pogrzebie. W ZUS nale\u017cy przedstawi\u0107 akt urodzenia oraz dokumenty potwierdzaj\u0105ce poniesienie koszt\u00f3w poch\u00f3wku. Wspomniana kwota jest przyznawana niezale\u017cnie od wysoko\u015bci poniesionych koszt\u00f3w pogrzebu.\u00a0<\/p>\n<p>Je\u015bli zosta\u0142a wykupiona wcze\u015bniej <strong>polisa ubezpieczeniowa<\/strong>, to w zale\u017cno\u015bci od stosownych zapis\u00f3w w umowie rodzice mog\u0105 stara\u0107 si\u0119 o <strong>odszkodowanie<\/strong>.\u00a0<\/p>\n<p class=\"nitro-offscreen\">Po poronieniu kobieta ma r\u00f3wnie\u017c prawo do skr\u00f3conego <strong>urlopu\u00a0<\/strong><strong>macierzy\u0144skiego\u00a0<\/strong>(zgodnie z art. 180 Kodeksu Pracy).<strong>\u00a0Wynosi on 56 dni, licz\u0105c od daty poronienia.<\/strong><strong>\u00a0<\/strong>Pracodawcy okazuje si\u0119 wy\u0142\u0105cznie akt urodzenia (z adnotacj\u0105, \u017ce dziecko urodzi\u0142o si\u0119 martwe). Wcze\u015bniej warto poprosi\u0107 swojego lekarza o L4 a\u017c do momentu za\u0142atwienia wszystkich formalno\u015bci. Kiedy urlop zostanie przyznany \u2013 zast\u0105pi on L4.<\/p>\n<p><strong>Pami\u0119taj, \u017ce mo\u017cesz skontaktowa\u0107 si\u0119 z nami, je\u015bli potrzebujesz pomocy w za\u0142atwieniu formalno\u015bci lub innych spraw logistycznych zwi\u0105zanych z poch\u00f3wkiem.\u00a0<\/strong><\/p>\n<p>\u00a0<\/p>\n\n","protected":false},"excerpt":{"rendered":"<p>Je\u015bli chodzi o post\u0119powanie\u00a0 po\u00a0 poronieniu, to masz trzy mo\u017cliwo\u015bci. Niezale\u017cnie od tego, jak\u0105 decyzj\u0119 podejmiesz &#8211; poinformuj o tym personel szpitala.\u00a0 [&hellip;]<\/p>\n","protected":false},"author":1,"featured_media":0,"parent":0,"menu_order":0,"comment_status":"closed","ping_status":"closed","template":"","meta":{"footnotes":""},"class_list":["post-105","page","type-page","status-publish","hentry"],"_links":{"self":[{"href":"https:\/\/jaspis.edu.pl\/niezapomniany\/index.php?rest_route=\/wp\/v2\/pages\/105","targetHints":{"allow":["GET"]}}],"collection":[{"href":"https:\/\/jaspis.edu.pl\/niezapomniany\/index.php?rest_route=\/wp\/v2\/pages"}],"about":[{"href":"https:\/\/jaspis.edu.pl\/niezapomniany\/index.php?rest_route=\/wp\/v2\/types\/page"}],"author":[{"embeddable":true,"href":"https:\/\/jaspis.edu.pl\/niezapomniany\/index.php?rest_route=\/wp\/v2\/users\/1"}],"replies":[{"embeddable":true,"href":"https:\/\/jaspis.edu.pl\/niezapomniany\/index.php?rest_route=%2Fwp%2Fv2%2Fcomments&post=105"}],"version-history":[{"count":12,"href":"https:\/\/jaspis.edu.pl\/niezapomniany\/index.php?rest_route=\/wp\/v2\/pages\/105\/revisions"}],"predecessor-version":[{"id":209,"href":"https:\/\/jaspis.edu.pl\/niezapomniany\/index.php?rest_route=\/wp\/v2\/pages\/105\/revisions\/209"}],"wp:attachment":[{"href":"https:\/\/jaspis.edu.pl\/niezapomniany\/index.php?rest_route=%2Fwp%2Fv2%2Fmedia&parent=105"}],"curies":[{"name":"wp","href":"https:\/\/api.w.org\/{rel}","templated":true}]}}