{"id":2,"date":"2019-01-29T19:10:51","date_gmt":"2019-01-29T18:10:51","guid":{"rendered":"http:\/\/jaspis.edu.pl\/niezapomniany\/?page_id=2"},"modified":"2024-02-10T08:51:41","modified_gmt":"2024-02-10T07:51:41","slug":"przykladowa-strona","status":"publish","type":"page","link":"https:\/\/jaspis.edu.pl\/niezapomniany\/","title":{"rendered":""},"content":{"rendered":"<header class=\"entry-header\">\n<h1 class=\"entry-title\" style=\"text-align: center;\">&#8222;MI\u0118DZY ZIEMI\u0104 A NIEBEM\u201d program spo\u0142eczny<\/h1>\n<\/header>\n<div class=\"entry-content\">\n<p style=\"text-align: center;\"><img loading=\"lazy\" decoding=\"async\" class=\"wp-image-702\" src=\"https:\/\/jaspis.edu.pl\/wp-content\/uploads\/2018\/05\/Logo-nieb.-ma%C5%82e-197x300.png\" sizes=\"auto, (max-width: 89px) 100vw, 89px\" srcset=\"https:\/\/jaspis.edu.pl\/wp-content\/uploads\/2018\/05\/Logo-nieb.-ma\u0142e-197x300.png 197w, https:\/\/jaspis.edu.pl\/wp-content\/uploads\/2018\/05\/Logo-nieb.-ma\u0142e.png 453w\" alt=\"programu spo\u0142ecznego &quot;Mi\u0119dzy Ziemi\u0105 a Niebem&quot;\" width=\"89\" height=\"136\" \/><\/p>\n<p class=\"_5RYuEA direction-ltr align-center para-style-body\" style=\"text-align: center;\"><span class=\"SS_gjA\">\u201eNie ma st\u00f3pki zbyt ma\u0142ej, <\/span><span class=\"SS_gjA\">by nie mog\u0142a zostawi\u0107 \u015bladu na tym \u015bwiecie\u201d<\/span><\/p>\n<p style=\"text-align: justify;\">Program spo\u0142eczny <strong>\u201eMi\u0119dzy ziemi\u0105 a niebem\u201d<\/strong>, nazwany przez nas r\u00f3wnie\u017c <strong>\u201eProjektem Niezapomnianym\u201d<\/strong> powsta\u0142 z my\u015bl\u0105 o godno\u015bci ka\u017cdego \u017cycia \u2013 r\u00f3wnie\u017c tego bardzo kr\u00f3tkiego. Ma on na celu ofiarowanie Rodzicom po stracie Dziecka r\u00f3\u017cnych form wsparcia i edukowanie spo\u0142eczno\u015bci w zakresie praw przys\u0142uguj\u0105cych w tej trudnej sytuacji, a tak\u017ce w zakresie godnego poch\u00f3wku dzieci zmar\u0142ych przed terminem w\u0142asnych narodzin &#8211; poprzez realizacj\u0119 konkretnych, mierzalnych cel\u00f3w zar\u00f3wno duchowych, terapeutycznych, jak i og\u00f3lnospo\u0142ecznych.<\/p>\n<p style=\"text-align: left;\">Program obejmuje 5 sfer dzia\u0142ania:<\/p>\n<ul style=\"text-align: left;\">\n<li>Organizacj\u0119 oraz opiek\u0119 nad Grobem Dziecka Utraconego w Pruszkowie;<\/li>\n<li>Wypracowanie procedur godnego poch\u00f3wku \u201eDzieci Utraconych\u201d w Powiecie Pruszkowskim;<\/li>\n<li>Organizacj\u0119 i koordynacj\u0119 wsparcia psychologicznego dla rodzin po stracie dziecka;<\/li>\n<li>Wsparcie edukacyjne (m.in.: wydanie ksi\u0105\u017ceczki terapeutycznej dla dzieci i rodzic\u00f3w<br \/>\npt.: \u201eNiezapominajka\u201d);<\/li>\n<li>Organizacj\u0119 i promowanie inicjatyw wspieraj\u0105cych prac\u0119 z tematem straty dziecka.<\/li>\n<\/ul>\n<\/div>\n<div class=\"entry-content\">\n<p style=\"text-align: left;\"><strong>\u201eGr\u00f3b Dziecka Utraconego\u201d<\/strong><\/p>\n<p style=\"text-align: justify;\">Gr\u00f3b Dziecka Utraconego jest zar\u00f3wno <strong>symbolicznym miejscem upami\u0119tnienia dzieci<\/strong>, kt\u00f3rych z r\u00f3\u017cnych powod\u00f3w nie mo\u017cna by\u0142o pochowa\u0107, jak i grobem rzeczywistym dla dzieci, kt\u00f3re urodzi\u0142y si\u0119 martwe, b\u0105d\u017a zosta\u0142y utracone w wyniku poronie\u0144 i innych przyczyn.<\/p>\n<p style=\"text-align: justify;\">Cia\u0142a dzieci lub ich szcz\u0105tki s\u0105 cz\u0119sto pozostawiane w szpitalu, nie wszyscy bowiem wiedz\u0105, \u017ce mo\u017cliwy jest ich poch\u00f3wek. Zdarza si\u0119 te\u017c, \u017ce rodzice z uwagi na swoje cierpienie nie s\u0105 w stanie zaj\u0105\u0107 si\u0119 spraw\u0105 pogrzebu. Wiele rodzin czuje potrzeb\u0119 odwiedzenia miejsca, gdzie symbolicznie mo\u017ce postawi\u0107 znicz dla dziecka, kt\u00f3rego grobu nie ma.<\/p>\n<p style=\"text-align: justify;\">Dnia 15 pa\u017adziernika 2018 roku w Mi\u0119dzynarodowy Dzie\u0144 Dziecka Utraconego nast\u0105pi\u0142o symboliczne b\u0142ogos\u0142awie\u0144stwo i modlitwa w miejscu Grobu Dziecka Utraconego, kt\u00f3ry funkcjonuje w zar\u00f3wno sensie symbolicznym, jak i dos\u0142ownym. Zach\u0119camy do zapalania zniczy, jako symbolu pami\u0119ci &#8211; za wszystkie Dzieci Utracone oraz te, kt\u00f3re pojawi\u0142y si\u0119 na kr\u00f3tko w Pa\u0144stwa Rodzinach. Miejsce grobu znajduje si\u0119 na cmentarzu \u017cbikowskim, na ty\u0142ach o\u0142tarza g\u0142\u00f3wnego.<\/p>\n<p style=\"text-align: justify;\"><strong>UWAGA!<\/strong> Nadal trwa <span style=\"color: #ff0000;\"><strong>zbi\u00f3rka pieni\u0119\u017cna na budow\u0119 pomnika<\/strong><\/span>\u00a0i obs\u0142ug\u0119 grobu na stronie <a href=\"https:\/\/zrzutka.pl\/rhhf2a\">www.zrzutka.pl<\/a>. Zapraszamy wszystkich ch\u0119tnych do wsparcia finansowego: <a href=\"https:\/\/zrzutka.pl\/rhhf2a\">kliknij tutaj.<\/a><\/p>\n<div class=\"title\"><strong>Indywidualny numer konta zrzutki: <\/strong>53 1750 1312 6885 4278 5937 2146<\/div>\n<\/div>\n<div><\/div>\n<div><\/div>\n<div><\/div>\n<div><\/div>\n<div><\/div>\n<p><img loading=\"lazy\" decoding=\"async\" class=\"aligncenter wp-image-77 \" src=\"https:\/\/jaspis.edu.pl\/niezapomniany\/wp-content\/uploads\/2019\/02\/PLAKAT-05.jpg-ostateczny-822x1024.jpg\" alt=\"\" width=\"661\" height=\"804\" \/><\/p>\n<div class=\"entry-content\">\n<p style=\"text-align: center;\"><a href=\"https:\/\/www.poronienie.pl\/psychologia\/ty-i-swiat\/\"><img loading=\"lazy\" decoding=\"async\" class=\"alignnone wp-image-776\" src=\"https:\/\/jaspis.edu.pl\/wp-content\/uploads\/2018\/05\/1-300x268.png\" alt=\"\" width=\"123\" height=\"110\" \/><\/a><a href=\"http:\/\/rodzicepostracie.lublin.pl\/lista-pomnikow-dziecka-utraconego-w-polsce\/\"><img loading=\"lazy\" decoding=\"async\" class=\"alignnone wp-image-777\" src=\"https:\/\/jaspis.edu.pl\/wp-content\/uploads\/2018\/05\/2-289x300.png\" alt=\"\" width=\"105\" height=\"110\" \/><\/a><a href=\"https:\/\/palestra.pl\/pl\/czasopismo\/wydanie\/11-2020\/artykul\/prawne-aspekty-uprawnien-przyslugujacych-kobietom-w-przypadku-poronienia-i-martwego-urodzenia-synteza-i-wnioski-de-lege-ferenda-w-oparciu-o-obowiazujace-przepisy-prawne\"><img loading=\"lazy\" decoding=\"async\" class=\"alignnone wp-image-778\" src=\"https:\/\/jaspis.edu.pl\/wp-content\/uploads\/2018\/05\/3-236x300.png\" alt=\"\" width=\"86\" height=\"110\" \/><\/a><a href=\"https:\/\/jaspis.edu.pl\/niezapomniany\/?page_id=105\"><img loading=\"lazy\" decoding=\"async\" class=\"alignnone wp-image-779\" src=\"https:\/\/jaspis.edu.pl\/wp-content\/uploads\/2018\/05\/4-276x300.png\" alt=\"\" width=\"101\" height=\"110\" \/><\/a><a href=\"https:\/\/www.deon.pl\/inteligentne-zycie\/obiektyw\/art,110,pogrzeb-dzieci-utraconych.html\"><img loading=\"lazy\" decoding=\"async\" class=\"alignnone wp-image-780\" src=\"https:\/\/jaspis.edu.pl\/wp-content\/uploads\/2018\/05\/5-254x300.png\" alt=\"\" width=\"93\" height=\"110\" \/><\/a><a href=\"https:\/\/www.deon.pl\/inteligentne-zycie\/obiektyw\/art,125,stracilam-dziecko-nie-embrion-nie-tkanki.html\"><img loading=\"lazy\" decoding=\"async\" class=\"alignnone wp-image-781\" src=\"https:\/\/jaspis.edu.pl\/wp-content\/uploads\/2018\/05\/6-293x300.png\" alt=\"\" width=\"107\" height=\"110\" \/><\/a><\/p>\n<p style=\"text-align: center;\"><em>\u201ePoczu\u0142em, \u017ce dla tych wszystkich rodzin bardzo wa\u017cnym jest, aby kto\u015b odpowiedzia\u0142 im na pytanie, gdzie teraz znajduje si\u0119 ich dziecko, czy posz\u0142o do nieba, czy kiedy\u015b je b\u0119d\u0105 mogli zobaczy\u0107? Nie mniej\u00a0<\/em><em>wa\u017cne jest<br \/>\nte\u017c dla nich, aby m\u00f3c tak zwyczajnie, po ludzku odprawi\u0107 pogrzeb dziecka i\u00a0 prze\u017cy\u0107 po nim \u017ca\u0142ob\u0119. To bardzo naturalne. Od pocz\u0119cia wiedzieli, \u017ce pod sercem matki ro\u015bnie nowe \u017cycie. Zastanawiali si\u0119 jaka b\u0119dzie p\u0142e\u0107 dziecka, jakie b\u0119dzie jak doro\u015bnie, czasem przygotowali ju\u017c dla niego pok\u00f3j\u2026 I nagle przychodzi \u015bmier\u0107 dziecka. To ogromny b\u00f3l, w kt\u00f3rym cz\u0142owiekowi trzeba towarzyszy\u0107. Dlatego postanowili\u015bmy podj\u0105\u0107 szereg dzia\u0142a\u0144, by by\u0107 razem z rodzinami prze\u017cywaj\u0105cymi t\u0119 tragedi\u0119<\/em>\u00a0\u2013<a href=\"http:\/\/wzasiegu.pl\/wiara\/swiete-dzieci-utracone\/\">\u00a0m\u00f3wi ks. Jacek.\u201d<\/a><\/p>\n<p style=\"text-align: center;\"><strong><em><span style=\"color: #ff0000;\">Je\u015bli czytasz t\u0119 stron\u0119 i:<\/span><br \/>\n\u2013 potrzebujesz rozmowy, b\u0105d\u017a wsparcia \u201epo stracie\u201d;<br \/>\n\u2013 chcesz zosta\u0107 wolontariuszem tej akcji i mie\u0107 wp\u0142yw na wszystkie poruszane tu kwestie\u2026<br \/>\nto zapraszamy do\u00a0<a href=\"http:\/\/jaspis.edu.pl\/kontakt\/\">kontaktu.<\/a><\/em><\/strong><\/p>\n<\/div>\n","protected":false},"excerpt":{"rendered":"<p>&#8222;MI\u0118DZY ZIEMI\u0104 A NIEBEM\u201d program spo\u0142eczny \u201eNie ma st\u00f3pki zbyt ma\u0142ej, by nie mog\u0142a zostawi\u0107 \u015bladu na tym \u015bwiecie\u201d Program spo\u0142eczny \u201eMi\u0119dzy [&hellip;]<\/p>\n","protected":false},"author":1,"featured_media":0,"parent":0,"menu_order":0,"comment_status":"closed","ping_status":"open","template":"","meta":{"footnotes":""},"class_list":["post-2","page","type-page","status-publish","hentry"],"_links":{"self":[{"href":"https:\/\/jaspis.edu.pl\/niezapomniany\/index.php?rest_route=\/wp\/v2\/pages\/2","targetHints":{"allow":["GET"]}}],"collection":[{"href":"https:\/\/jaspis.edu.pl\/niezapomniany\/index.php?rest_route=\/wp\/v2\/pages"}],"about":[{"href":"https:\/\/jaspis.edu.pl\/niezapomniany\/index.php?rest_route=\/wp\/v2\/types\/page"}],"author":[{"embeddable":true,"href":"https:\/\/jaspis.edu.pl\/niezapomniany\/index.php?rest_route=\/wp\/v2\/users\/1"}],"replies":[{"embeddable":true,"href":"https:\/\/jaspis.edu.pl\/niezapomniany\/index.php?rest_route=%2Fwp%2Fv2%2Fcomments&post=2"}],"version-history":[{"count":9,"href":"https:\/\/jaspis.edu.pl\/niezapomniany\/index.php?rest_route=\/wp\/v2\/pages\/2\/revisions"}],"predecessor-version":[{"id":228,"href":"https:\/\/jaspis.edu.pl\/niezapomniany\/index.php?rest_route=\/wp\/v2\/pages\/2\/revisions\/228"}],"wp:attachment":[{"href":"https:\/\/jaspis.edu.pl\/niezapomniany\/index.php?rest_route=%2Fwp%2Fv2%2Fmedia&parent=2"}],"curies":[{"name":"wp","href":"https:\/\/api.w.org\/{rel}","templated":true}]}}