{"id":81,"date":"2019-02-05T21:31:25","date_gmt":"2019-02-05T20:31:25","guid":{"rendered":"http:\/\/jaspis.edu.pl\/niezapomniany\/?page_id=81"},"modified":"2019-02-10T19:47:43","modified_gmt":"2019-02-10T18:47:43","slug":"ksiazeczka-terapeutyczna-dla-dzieci-i-rodzicow-pt-niezapominajka","status":"publish","type":"page","link":"https:\/\/jaspis.edu.pl\/niezapomniany\/?page_id=81","title":{"rendered":"Ksi\u0105\u017ceczka terapeutyczna dla dzieci i rodzic\u00f3w pt.: \u201eNiezapominajka\u201d"},"content":{"rendered":"<p style=\"text-align: justify;\">Jest to materia\u0142 dla dzieci w wieku przedszkolnym\/wczesnoszkolnym, przedstawiaj\u0105cy w pedagogiczny spos\u00f3b problem straty rodze\u0144stwa w rodzinie. Do opowie\u015bci zaprasza rodzina Niezapominajek. Jest to forma wsparcia rodzic\u00f3w, jak rozmawia\u0107 z dzieckiem o \u015bmierci jego rodze\u0144stwa zmar\u0142ego przed terminem porodu. Nierzadko bajka ta okazuje si\u0119 &#8222;lekarstwem na zranione serce&#8221; dla samych rodzic\u00f3w.<\/p>\n<p style=\"text-align: justify;\">Ksi\u0105\u017ceczka sk\u0142ada si\u0119 z autorskiej bajki opatrzonej samodzielnie wykonanymi ilustracjami. Po zapoznaniu si\u0119 z ni\u0105, na m\u0142odego czytelnika czekaj\u0105 tak skonstruowane zadania, aby sam doszed\u0142 do pewnych wniosk\u00f3w. Dobrali\u015bmy nast\u0119puj\u0105ce formy:<br \/>\n&#8211; kolorowanki,<br \/>\n&#8211; zadanie z naklejkami,<br \/>\n&#8211; zadanie zwi\u0105zane z rysowaniem,<br \/>\n&#8211; pytania zadawane przez jednego z bohater\u00f3w bajki,<br \/>\n&#8211; prac\u0119 plastyczn\u0105.<\/p>\n<p>Na ko\u0144cu ksi\u0105\u017ceczki znalaz\u0142a si\u0119 &#8222;Strefa Rodzica&#8221;. Mo\u017cna w niej znale\u017a\u0107:<br \/>\n&#8211; odniesienie psychologiczne dotycz\u0105ce sfery prze\u017cy\u0107 dziecka i przeczytanej bajki,<br \/>\n&#8211; s\u0142owniczek znacze\u0144 w bajce,<br \/>\n&#8211; komentarz bajkoterapeutyczny dotycz\u0105cy poronienia,<br \/>\n&#8211; informacj\u0119 na temat bajki terapeutycznej,<br \/>\n&#8211; propozycj\u0119 dalszej pracy z tematem w relacjach z dzieckiem.<\/p>\n<p>Materia\u0142 zosta\u0142 opatrzony profesjonaln\u0105 korekt\u0105 tekstu oraz analiz\u0105 psychologiczn\u0105, terapeutyczn\u0105<br \/>\ni pedagogiczn\u0105.<\/p>\n<p>Skontaktuj si\u0119 z nami, aby otrzyma\u0107 wersj\u0119 papierow\u0105.<\/p>\n<p>&nbsp;<\/p>\n<p>Opracowanie\u00a0merytoryczne:<br \/>\nMartyna\u00a0Bartczak\u00a0i\u00a0Paulina\u00a0Pszcz\u00f3\u0142kowska<\/p>\n<p>Opracowanie\u00a0merytoryczne\u00a0i\u00a0literackie:<br \/>\nMonika\u00a0Pawe\u0142czy\u0144ska-\u015alusarczyk<\/p>\n<p>Opieka\u00a0nad\u00a0projektem:<br \/>\nBeata\u00a0Pawe\u0142czy\u0144ska<\/p>\n<p>Konsultacja\u00a0psychologiczna:<br \/>\nMarzena\u00a0Dami\u0119cka<br \/>\n<img loading=\"lazy\" decoding=\"async\" class=\"alignleft wp-image-122\" src=\"http:\/\/jaspis.edu.pl\/niezapomniany\/wp-content\/uploads\/2019\/02\/Bez-tytu\u0142u.png\" alt=\"\" width=\"235\" height=\"103\" srcset=\"https:\/\/jaspis.edu.pl\/niezapomniany\/wp-content\/uploads\/2019\/02\/Bez-tytu\u0142u.png 497w, https:\/\/jaspis.edu.pl\/niezapomniany\/wp-content\/uploads\/2019\/02\/Bez-tytu\u0142u-300x132.png 300w, https:\/\/jaspis.edu.pl\/niezapomniany\/wp-content\/uploads\/2019\/02\/Bez-tytu\u0142u-230x101.png 230w, https:\/\/jaspis.edu.pl\/niezapomniany\/wp-content\/uploads\/2019\/02\/Bez-tytu\u0142u-350x154.png 350w, https:\/\/jaspis.edu.pl\/niezapomniany\/wp-content\/uploads\/2019\/02\/Bez-tytu\u0142u-480x211.png 480w\" sizes=\"auto, (max-width: 235px) 100vw, 235px\" \/><\/p>\n<p>&nbsp;<\/p>\n<p>&nbsp;<\/p>\n<p>Ilustracje:<br \/>\nAndrzej\u00a0\u015alusarczyk<\/p>\n<p>Sk\u0142ad\u00a0i\u00a0\u0142amanie:<br \/>\nMonika\u00a0Pawe\u0142czy\u0144ska-\u015alusarczyk\u00a0i\u00a0Piotr\u00a0Tomaszewski<\/p>\n<p>Korekta:<br \/>\nAnna\u00a0Mrozowska<\/p>\n<p>Wydawnictwo:<br \/>\n<img loading=\"lazy\" decoding=\"async\" class=\"alignleft wp-image-13\" src=\"http:\/\/jaspis.edu.pl\/niezapomniany\/wp-content\/uploads\/2019\/01\/jaspis-samo.png\" alt=\"\" width=\"220\" height=\"117\" srcset=\"https:\/\/jaspis.edu.pl\/niezapomniany\/wp-content\/uploads\/2019\/01\/jaspis-samo.png 942w, https:\/\/jaspis.edu.pl\/niezapomniany\/wp-content\/uploads\/2019\/01\/jaspis-samo-300x160.png 300w, https:\/\/jaspis.edu.pl\/niezapomniany\/wp-content\/uploads\/2019\/01\/jaspis-samo-768x410.png 768w, https:\/\/jaspis.edu.pl\/niezapomniany\/wp-content\/uploads\/2019\/01\/jaspis-samo-830x443.png 830w, https:\/\/jaspis.edu.pl\/niezapomniany\/wp-content\/uploads\/2019\/01\/jaspis-samo-230x123.png 230w, https:\/\/jaspis.edu.pl\/niezapomniany\/wp-content\/uploads\/2019\/01\/jaspis-samo-350x187.png 350w, https:\/\/jaspis.edu.pl\/niezapomniany\/wp-content\/uploads\/2019\/01\/jaspis-samo-480x256.png 480w\" sizes=\"auto, (max-width: 220px) 100vw, 220px\" \/><\/p>\n<p>&nbsp;<\/p>\n<p>&nbsp;<\/p>\n<p>Publikacja\u00a0wydana\u00a0w\u00a0ramach\u00a0programu\u00a0spo\u0142ecznego\u00a0\u201eMi\u0119dzy\u00a0ziemi\u0105\u00a0a\u00a0niebem\u201d<br \/>\n<img loading=\"lazy\" decoding=\"async\" class=\"alignleft wp-image-121\" src=\"http:\/\/jaspis.edu.pl\/niezapomniany\/wp-content\/uploads\/2019\/02\/profilowe-nowe-ARTEfakty.png\" alt=\"\" width=\"114\" height=\"114\" srcset=\"https:\/\/jaspis.edu.pl\/niezapomniany\/wp-content\/uploads\/2019\/02\/profilowe-nowe-ARTEfakty.png 500w, https:\/\/jaspis.edu.pl\/niezapomniany\/wp-content\/uploads\/2019\/02\/profilowe-nowe-ARTEfakty-150x150.png 150w, https:\/\/jaspis.edu.pl\/niezapomniany\/wp-content\/uploads\/2019\/02\/profilowe-nowe-ARTEfakty-300x300.png 300w, https:\/\/jaspis.edu.pl\/niezapomniany\/wp-content\/uploads\/2019\/02\/profilowe-nowe-ARTEfakty-230x230.png 230w, https:\/\/jaspis.edu.pl\/niezapomniany\/wp-content\/uploads\/2019\/02\/profilowe-nowe-ARTEfakty-350x350.png 350w, https:\/\/jaspis.edu.pl\/niezapomniany\/wp-content\/uploads\/2019\/02\/profilowe-nowe-ARTEfakty-480x480.png 480w\" sizes=\"auto, (max-width: 114px) 100vw, 114px\" \/><\/p>\n<p>&nbsp;<\/p>\n<p>&nbsp;<\/p>\n<p>Wydawnictwo\u00a0dofinansowane\u00a0ze\u00a0\u015brodk\u00f3w\u00a0Powiatu\u00a0Pruszkowskiego<br \/>\n<img loading=\"lazy\" decoding=\"async\" class=\"alignleft wp-image-119\" src=\"http:\/\/jaspis.edu.pl\/niezapomniany\/wp-content\/uploads\/2019\/02\/starostwo-powiatowe-pruszkow-herb-234x300.jpg\" alt=\"\" width=\"109\" height=\"140\" srcset=\"https:\/\/jaspis.edu.pl\/niezapomniany\/wp-content\/uploads\/2019\/02\/starostwo-powiatowe-pruszkow-herb-234x300.jpg 234w, https:\/\/jaspis.edu.pl\/niezapomniany\/wp-content\/uploads\/2019\/02\/starostwo-powiatowe-pruszkow-herb-234x300-230x295.jpg 230w\" sizes=\"auto, (max-width: 109px) 100vw, 109px\" \/><\/p>\n<p>&nbsp;<\/p>\n<p>&nbsp;<\/p>\n<p>&nbsp;<\/p>\n<p>Pruszk\u00f3w\u00a02018<br \/>\nISBN\u00a0978-83-952738-0-3<\/p>\n<p>\u00a9\u00a0Copyright\u00a0by\u00a0Stowarzyszenie\u00a0Powszechnych\u00a0Inicjatyw\u00a0Spo\u0142ecznych\u00a0JASPIS<br \/>\nWydanie\u00a0pierwsze<\/p>\n<p>Druk\u00a0w\u00a0nak\u0142adzie\u00a03\u00a0000\u00a0sztuk:<br \/>\nDrukarnia\u00a0GRAFIS<\/p>\n<p>&nbsp;<\/p>\n<p>&nbsp;<\/p>\n<p style=\"text-align: center;\"><strong>Jakie by\u0142y pocz\u0105tki \u201eNiezapominajki\u201d? Od tego si\u0119 zacz\u0119\u0142o&#8230;\u00a0 \u00a0 \ud83d\ude42<\/strong><\/p>\n<p><img loading=\"lazy\" decoding=\"async\" class=\"aligncenter  wp-image-145\" src=\"http:\/\/jaspis.edu.pl\/niezapomniany\/wp-content\/uploads\/2019\/02\/36114161_1002145429940436_5044559043293609984_o.jpg\" alt=\"\" width=\"679\" height=\"906\" srcset=\"https:\/\/jaspis.edu.pl\/niezapomniany\/wp-content\/uploads\/2019\/02\/36114161_1002145429940436_5044559043293609984_o.jpg 1536w, https:\/\/jaspis.edu.pl\/niezapomniany\/wp-content\/uploads\/2019\/02\/36114161_1002145429940436_5044559043293609984_o-225x300.jpg 225w, https:\/\/jaspis.edu.pl\/niezapomniany\/wp-content\/uploads\/2019\/02\/36114161_1002145429940436_5044559043293609984_o-768x1024.jpg 768w, https:\/\/jaspis.edu.pl\/niezapomniany\/wp-content\/uploads\/2019\/02\/36114161_1002145429940436_5044559043293609984_o-830x1107.jpg 830w, https:\/\/jaspis.edu.pl\/niezapomniany\/wp-content\/uploads\/2019\/02\/36114161_1002145429940436_5044559043293609984_o-230x307.jpg 230w, https:\/\/jaspis.edu.pl\/niezapomniany\/wp-content\/uploads\/2019\/02\/36114161_1002145429940436_5044559043293609984_o-350x467.jpg 350w, https:\/\/jaspis.edu.pl\/niezapomniany\/wp-content\/uploads\/2019\/02\/36114161_1002145429940436_5044559043293609984_o-480x640.jpg 480w\" sizes=\"auto, (max-width: 679px) 100vw, 679px\" \/><\/p>\n","protected":false},"excerpt":{"rendered":"<p>Jest to materia\u0142 dla dzieci w wieku przedszkolnym\/wczesnoszkolnym, przedstawiaj\u0105cy w pedagogiczny spos\u00f3b problem straty rodze\u0144stwa w rodzinie. Do opowie\u015bci zaprasza rodzina Niezapominajek. [&hellip;]<\/p>\n","protected":false},"author":1,"featured_media":0,"parent":0,"menu_order":0,"comment_status":"closed","ping_status":"closed","template":"","meta":{"footnotes":""},"class_list":["post-81","page","type-page","status-publish","hentry"],"_links":{"self":[{"href":"https:\/\/jaspis.edu.pl\/niezapomniany\/index.php?rest_route=\/wp\/v2\/pages\/81","targetHints":{"allow":["GET"]}}],"collection":[{"href":"https:\/\/jaspis.edu.pl\/niezapomniany\/index.php?rest_route=\/wp\/v2\/pages"}],"about":[{"href":"https:\/\/jaspis.edu.pl\/niezapomniany\/index.php?rest_route=\/wp\/v2\/types\/page"}],"author":[{"embeddable":true,"href":"https:\/\/jaspis.edu.pl\/niezapomniany\/index.php?rest_route=\/wp\/v2\/users\/1"}],"replies":[{"embeddable":true,"href":"https:\/\/jaspis.edu.pl\/niezapomniany\/index.php?rest_route=%2Fwp%2Fv2%2Fcomments&post=81"}],"version-history":[{"count":12,"href":"https:\/\/jaspis.edu.pl\/niezapomniany\/index.php?rest_route=\/wp\/v2\/pages\/81\/revisions"}],"predecessor-version":[{"id":225,"href":"https:\/\/jaspis.edu.pl\/niezapomniany\/index.php?rest_route=\/wp\/v2\/pages\/81\/revisions\/225"}],"wp:attachment":[{"href":"https:\/\/jaspis.edu.pl\/niezapomniany\/index.php?rest_route=%2Fwp%2Fv2%2Fmedia&parent=81"}],"curies":[{"name":"wp","href":"https:\/\/api.w.org\/{rel}","templated":true}]}}