{"id":94,"date":"2019-02-05T22:26:04","date_gmt":"2019-02-05T21:26:04","guid":{"rendered":"http:\/\/jaspis.edu.pl\/niezapomniany\/?page_id=94"},"modified":"2021-10-08T11:07:35","modified_gmt":"2021-10-08T09:07:35","slug":"grob-dziecka-utraconego","status":"publish","type":"page","link":"https:\/\/jaspis.edu.pl\/niezapomniany\/?page_id=94","title":{"rendered":"\u201eGr\u00f3b Dziecka Utraconego\u201d"},"content":{"rendered":"<p style=\"text-align: justify;\"><strong>Gr\u00f3b Dziecka Utraconego jest zar\u00f3wno symbolicznym miejscem upami\u0119tnienia dzieci, kt\u00f3rych z r\u00f3\u017cnych powod\u00f3w nie mo\u017cna by\u0142o pochowa\u0107, jak i grobem rzeczywistym dla dzieci kt\u00f3re urodzi\u0142y si\u0119 martwe, b\u0105d\u017a zosta\u0142y utracone w wyniku poronie\u0144 i innych przyczyn.<\/strong><\/p>\n<p style=\"text-align: justify;\">Cia\u0142a dzieci lub ich szcz\u0105tki s\u0105 cz\u0119sto pozostawiane w szpitalu, nie wszyscy bowiem wiedz\u0105, \u017ce mo\u017cliwy jest ich poch\u00f3wek. Zdarza si\u0119 te\u017c, \u017ce rodzice z uwagi na swoje cierpienie nie s\u0105 w stanie zaj\u0105\u0107 si\u0119 spraw\u0105 pogrzebu. Wiele rodzin czuje potrzeb\u0119 odwiedzenia miejsca, gdzie symbolicznie mo\u017ce postawi\u0107 znicz dla dziecka, kt\u00f3rego grobu nie ma.<\/p>\n<p style=\"text-align: justify;\">Dnia 15 pa\u017adziernika w Mi\u0119dzynarodowy Dzie\u0144 Dziecka Utraconego nast\u0105pi\u0142o symboliczne b\u0142ogos\u0142awie\u0144stwo i modlitwa w miejscu Grobu Dziecka Utraconego, kt\u00f3ry funkcjonuje w zar\u00f3wno sensie symbolicznym, jak i dos\u0142ownym. Zach\u0119camy do zapalania zniczy, jako symbolu pami\u0119ci &#8211; za wszystkie Dzieci Utracone oraz te, kt\u00f3re pojawi\u0142y si\u0119 na kr\u00f3tko w Pa\u0144stwa Rodzinach. Miejsce grobu znajduje si\u0119 na cmentarzu \u017cbikowskim, na ty\u0142ach o\u0142tarza g\u0142\u00f3wnego.<\/p>\n<p><strong>Wsp\u00f3\u0142rz\u0119dne geograficzne:\u00a052\u00b010&#8217;54.2_N 20\u00b046&#8217;29.5&#8221;E<\/strong><\/p>\n<p><img loading=\"lazy\" decoding=\"async\" class=\"aligncenter size-full wp-image-147\" src=\"http:\/\/jaspis.edu.pl\/niezapomniany\/wp-content\/uploads\/2019\/02\/52\u00b01054.2_N-20\u00b04629.5_E-\u2013-Mapy-Google.jpg\" alt=\"\" width=\"2116\" height=\"1377\" srcset=\"https:\/\/jaspis.edu.pl\/niezapomniany\/wp-content\/uploads\/2019\/02\/52\u00b01054.2_N-20\u00b04629.5_E-\u2013-Mapy-Google.jpg 2116w, https:\/\/jaspis.edu.pl\/niezapomniany\/wp-content\/uploads\/2019\/02\/52\u00b01054.2_N-20\u00b04629.5_E-\u2013-Mapy-Google-300x195.jpg 300w, https:\/\/jaspis.edu.pl\/niezapomniany\/wp-content\/uploads\/2019\/02\/52\u00b01054.2_N-20\u00b04629.5_E-\u2013-Mapy-Google-768x500.jpg 768w, https:\/\/jaspis.edu.pl\/niezapomniany\/wp-content\/uploads\/2019\/02\/52\u00b01054.2_N-20\u00b04629.5_E-\u2013-Mapy-Google-1024x666.jpg 1024w, https:\/\/jaspis.edu.pl\/niezapomniany\/wp-content\/uploads\/2019\/02\/52\u00b01054.2_N-20\u00b04629.5_E-\u2013-Mapy-Google-830x540.jpg 830w, https:\/\/jaspis.edu.pl\/niezapomniany\/wp-content\/uploads\/2019\/02\/52\u00b01054.2_N-20\u00b04629.5_E-\u2013-Mapy-Google-230x150.jpg 230w, https:\/\/jaspis.edu.pl\/niezapomniany\/wp-content\/uploads\/2019\/02\/52\u00b01054.2_N-20\u00b04629.5_E-\u2013-Mapy-Google-350x228.jpg 350w, https:\/\/jaspis.edu.pl\/niezapomniany\/wp-content\/uploads\/2019\/02\/52\u00b01054.2_N-20\u00b04629.5_E-\u2013-Mapy-Google-480x312.jpg 480w\" sizes=\"auto, (max-width: 2116px) 100vw, 2116px\" \/><\/p>\n<div id='gallery-1' class='gallery galleryid-94 gallery-columns-4 gallery-size-thumbnail'><figure class='gallery-item'>\n\t\t\t<div class='gallery-icon landscape'>\n\t\t\t\t<a href='https:\/\/jaspis.edu.pl\/niezapomniany\/wp-content\/uploads\/2019\/02\/DSC_0975.jpg'><img loading=\"lazy\" decoding=\"async\" width=\"150\" height=\"150\" src=\"https:\/\/jaspis.edu.pl\/niezapomniany\/wp-content\/uploads\/2019\/02\/DSC_0975-150x150.jpg\" class=\"attachment-thumbnail size-thumbnail\" alt=\"\" \/><\/a>\n\t\t\t<\/div><\/figure><figure class='gallery-item'>\n\t\t\t<div class='gallery-icon landscape'>\n\t\t\t\t<a href='https:\/\/jaspis.edu.pl\/niezapomniany\/wp-content\/uploads\/2019\/02\/DSC_0965.jpg'><img loading=\"lazy\" decoding=\"async\" width=\"150\" height=\"150\" src=\"https:\/\/jaspis.edu.pl\/niezapomniany\/wp-content\/uploads\/2019\/02\/DSC_0965-150x150.jpg\" class=\"attachment-thumbnail size-thumbnail\" alt=\"\" \/><\/a>\n\t\t\t<\/div><\/figure><figure class='gallery-item'>\n\t\t\t<div class='gallery-icon landscape'>\n\t\t\t\t<a href='https:\/\/jaspis.edu.pl\/niezapomniany\/wp-content\/uploads\/2019\/02\/DSC_0921.jpg'><img loading=\"lazy\" decoding=\"async\" width=\"150\" height=\"150\" src=\"https:\/\/jaspis.edu.pl\/niezapomniany\/wp-content\/uploads\/2019\/02\/DSC_0921-150x150.jpg\" class=\"attachment-thumbnail size-thumbnail\" alt=\"\" \/><\/a>\n\t\t\t<\/div><\/figure><figure class='gallery-item'>\n\t\t\t<div class='gallery-icon portrait'>\n\t\t\t\t<a href='https:\/\/jaspis.edu.pl\/niezapomniany\/wp-content\/uploads\/2019\/02\/45080625_1115223175299327_2106228863624282112_o.jpg'><img loading=\"lazy\" decoding=\"async\" width=\"150\" height=\"150\" src=\"https:\/\/jaspis.edu.pl\/niezapomniany\/wp-content\/uploads\/2019\/02\/45080625_1115223175299327_2106228863624282112_o-150x150.jpg\" class=\"attachment-thumbnail size-thumbnail\" alt=\"\" \/><\/a>\n\t\t\t<\/div><\/figure><figure class='gallery-item'>\n\t\t\t<div class='gallery-icon portrait'>\n\t\t\t\t<a href='https:\/\/jaspis.edu.pl\/niezapomniany\/wp-content\/uploads\/2019\/02\/45093802_1115223235299321_1520491411458228224_o.jpg'><img loading=\"lazy\" decoding=\"async\" width=\"150\" height=\"150\" src=\"https:\/\/jaspis.edu.pl\/niezapomniany\/wp-content\/uploads\/2019\/02\/45093802_1115223235299321_1520491411458228224_o-150x150.jpg\" class=\"attachment-thumbnail size-thumbnail\" alt=\"\" \/><\/a>\n\t\t\t<\/div><\/figure><figure class='gallery-item'>\n\t\t\t<div class='gallery-icon portrait'>\n\t\t\t\t<a href='https:\/\/jaspis.edu.pl\/niezapomniany\/wp-content\/uploads\/2019\/02\/45155410_1116577525163892_8370371727774973952_n.jpg'><img loading=\"lazy\" decoding=\"async\" width=\"150\" height=\"150\" src=\"https:\/\/jaspis.edu.pl\/niezapomniany\/wp-content\/uploads\/2019\/02\/45155410_1116577525163892_8370371727774973952_n-150x150.jpg\" class=\"attachment-thumbnail size-thumbnail\" alt=\"\" \/><\/a>\n\t\t\t<\/div><\/figure><figure class='gallery-item'>\n\t\t\t<div class='gallery-icon landscape'>\n\t\t\t\t<a href='https:\/\/jaspis.edu.pl\/niezapomniany\/wp-content\/uploads\/2020\/10\/121705749_646343749575999_1387724046004657989_n.jpg'><img loading=\"lazy\" decoding=\"async\" width=\"150\" height=\"150\" src=\"https:\/\/jaspis.edu.pl\/niezapomniany\/wp-content\/uploads\/2020\/10\/121705749_646343749575999_1387724046004657989_n-150x150.jpg\" class=\"attachment-thumbnail size-thumbnail\" alt=\"\" \/><\/a>\n\t\t\t<\/div><\/figure><figure class='gallery-item'>\n\t\t\t<div class='gallery-icon landscape'>\n\t\t\t\t<a href='https:\/\/jaspis.edu.pl\/niezapomniany\/wp-content\/uploads\/2020\/10\/121544177_797338074348120_204488527772408977_n.jpg'><img loading=\"lazy\" decoding=\"async\" width=\"150\" height=\"150\" src=\"https:\/\/jaspis.edu.pl\/niezapomniany\/wp-content\/uploads\/2020\/10\/121544177_797338074348120_204488527772408977_n-150x150.jpg\" class=\"attachment-thumbnail size-thumbnail\" alt=\"\" \/><\/a>\n\t\t\t<\/div><\/figure>\n\t\t<\/div>\n\n","protected":false},"excerpt":{"rendered":"<p>Gr\u00f3b Dziecka Utraconego jest zar\u00f3wno symbolicznym miejscem upami\u0119tnienia dzieci, kt\u00f3rych z r\u00f3\u017cnych powod\u00f3w nie mo\u017cna by\u0142o pochowa\u0107, jak i grobem rzeczywistym dla [&hellip;]<\/p>\n","protected":false},"author":1,"featured_media":0,"parent":0,"menu_order":0,"comment_status":"closed","ping_status":"closed","template":"","meta":{"footnotes":""},"class_list":["post-94","page","type-page","status-publish","hentry"],"_links":{"self":[{"href":"https:\/\/jaspis.edu.pl\/niezapomniany\/index.php?rest_route=\/wp\/v2\/pages\/94","targetHints":{"allow":["GET"]}}],"collection":[{"href":"https:\/\/jaspis.edu.pl\/niezapomniany\/index.php?rest_route=\/wp\/v2\/pages"}],"about":[{"href":"https:\/\/jaspis.edu.pl\/niezapomniany\/index.php?rest_route=\/wp\/v2\/types\/page"}],"author":[{"embeddable":true,"href":"https:\/\/jaspis.edu.pl\/niezapomniany\/index.php?rest_route=\/wp\/v2\/users\/1"}],"replies":[{"embeddable":true,"href":"https:\/\/jaspis.edu.pl\/niezapomniany\/index.php?rest_route=%2Fwp%2Fv2%2Fcomments&post=94"}],"version-history":[{"count":12,"href":"https:\/\/jaspis.edu.pl\/niezapomniany\/index.php?rest_route=\/wp\/v2\/pages\/94\/revisions"}],"predecessor-version":[{"id":220,"href":"https:\/\/jaspis.edu.pl\/niezapomniany\/index.php?rest_route=\/wp\/v2\/pages\/94\/revisions\/220"}],"wp:attachment":[{"href":"https:\/\/jaspis.edu.pl\/niezapomniany\/index.php?rest_route=%2Fwp%2Fv2%2Fmedia&parent=94"}],"curies":[{"name":"wp","href":"https:\/\/api.w.org\/{rel}","templated":true}]}}